{"id":9826,"date":"2020-08-06T11:21:00","date_gmt":"2020-06-17T15:16:44","guid":{"rendered":"http:\/\/lapiniarezzo.it\/product\/dessert-plate-voliere\/"},"modified":"2025-09-26T23:26:26","modified_gmt":"2025-09-26T21:26:26","slug":"dessert-plate-voliere","status":"publish","type":"product","link":"https:\/\/lapiniarezzo.it\/en\/product\/dessert-plate-voliere\/","title":{"rendered":"Dessert Plate Voli\u00e8re"},"content":{"rendered":"<p>Voli\u00e8re Table Collection: Pure beauty and natural charm characterize Voli\u00e8re, the new Richard Ginori collection that epitomizes the masterful craftsmanship and artistic heritage of the Manifattura. The collection\u2019s designs, featured on the signature Empire shape, are inspired by XIX century botany illustrations on botany, skillfully reproducing twelve graphic depictions of various species of birds perched on intricate festoons. The images are framed by floral motifs delicately highlighted by Richard Ginori\u2019s specially formulated pure gold edging. Each figure is split up into different elements and colors, reproducing every hue, detail and colorful marking with a palette of more than fifty shades. The over glaze, applied using a special firing process, protects the pigments\u2019 sheen.<\/p>\n","protected":false},"excerpt":{"rendered":"<p>Porcelain and pure gold dessert plate with bird decal in 6 variants.<\/p>\n","protected":false},"featured_media":8842,"template":"","meta":[],"product_cat":[2019,2021],"product_tag":[3378],"yoast_head":"<!-- This site is optimized with the Yoast SEO plugin v20.12 - https:\/\/yoast.com\/wordpress\/plugins\/seo\/ -->\n<title>Dessert Plate Voli\u00e8re - LAPINI<\/title>\n<meta name=\"description\" content=\"Acquista Dessert Plate Voli\u00e8re su LAPINI per dare un tocco unico al tuo ambiente.\" \/>\n<meta name=\"robots\" content=\"index, follow, max-snippet:-1, max-image-preview:large, max-video-preview:-1\" \/>\n<link rel=\"canonical\" href=\"https:\/\/lapiniarezzo.it\/en\/product\/dessert-plate-voliere\/\" \/>\n<meta property=\"og:locale\" content=\"en_US\" \/>\n<meta property=\"og:type\" content=\"article\" \/>\n<meta property=\"og:title\" content=\"Dessert Plate Voli\u00e8re - LAPINI\" \/>\n<meta property=\"og:description\" content=\"Acquista Dessert Plate Voli\u00e8re su LAPINI per dare un tocco unico al tuo ambiente.\" \/>\n<meta property=\"og:url\" content=\"https:\/\/lapiniarezzo.it\/en\/product\/dessert-plate-voliere\/\" \/>\n<meta property=\"og:site_name\" content=\"LAPINI\" \/>\n<meta property=\"article:modified_time\" content=\"2025-09-26T21:26:26+00:00\" \/>\n<meta property=\"og:image\" content=\"https:\/\/lapiniarezzo.it\/wp-content\/uploads\/2020\/06\/Piatto-Dessert-2-Voliere-Ginori.jpg\" \/>\n\t<meta property=\"og:image:width\" content=\"1412\" \/>\n\t<meta property=\"og:image:height\" content=\"1022\" \/>\n\t<meta property=\"og:image:type\" content=\"image\/jpeg\" \/>\n<meta name=\"twitter:card\" content=\"summary_large_image\" \/>\n<meta name=\"twitter:label1\" content=\"Est. reading time\" \/>\n\t<meta name=\"twitter:data1\" content=\"1 minute\" \/>\n<script type=\"application\/ld+json\" class=\"yoast-schema-graph\">{\"@context\":\"https:\/\/schema.org\",\"@graph\":[{\"@type\":\"WebPage\",\"@id\":\"https:\/\/lapiniarezzo.it\/en\/product\/dessert-plate-voliere\/\",\"url\":\"https:\/\/lapiniarezzo.it\/en\/product\/dessert-plate-voliere\/\",\"name\":\"Dessert Plate Voli\u00e8re - LAPINI\",\"isPartOf\":{\"@id\":\"https:\/\/lapiniarezzo.it\/en\/#website\"},\"datePublished\":\"2020-06-17T15:16:44+00:00\",\"dateModified\":\"2025-09-26T21:26:26+00:00\",\"description\":\"Acquista Dessert Plate Voli\u00e8re su LAPINI per dare un tocco unico al tuo ambiente.\",\"breadcrumb\":{\"@id\":\"https:\/\/lapiniarezzo.it\/en\/product\/dessert-plate-voliere\/#breadcrumb\"},\"inLanguage\":\"en-US\",\"potentialAction\":[{\"@type\":\"ReadAction\",\"target\":[\"https:\/\/lapiniarezzo.it\/en\/product\/dessert-plate-voliere\/\"]}]},{\"@type\":\"BreadcrumbList\",\"@id\":\"https:\/\/lapiniarezzo.it\/en\/product\/dessert-plate-voliere\/#breadcrumb\",\"itemListElement\":[{\"@type\":\"ListItem\",\"position\":1,\"name\":\"Home\",\"item\":\"https:\/\/lapiniarezzo.it\/en\/\"},{\"@type\":\"ListItem\",\"position\":2,\"name\":\"Shop\",\"item\":\"https:\/\/lapiniarezzo.it\/en\/shop-2\/\"},{\"@type\":\"ListItem\",\"position\":3,\"name\":\"Dessert Plate Voli\u00e8re\"}]},{\"@type\":\"WebSite\",\"@id\":\"https:\/\/lapiniarezzo.it\/en\/#website\",\"url\":\"https:\/\/lapiniarezzo.it\/en\/\",\"name\":\"LAPINI\",\"description\":\"Oggetti Di Design Per La Casa Ad Arezzo\",\"potentialAction\":[{\"@type\":\"SearchAction\",\"target\":{\"@type\":\"EntryPoint\",\"urlTemplate\":\"https:\/\/lapiniarezzo.it\/en\/?s={search_term_string}\"},\"query-input\":\"required name=search_term_string\"}],\"inLanguage\":\"en-US\"}]}<\/script>\n<!-- \/ Yoast SEO plugin. -->","yoast_head_json":{"title":"Dessert Plate Voli\u00e8re - LAPINI","description":"Acquista Dessert Plate Voli\u00e8re su LAPINI per dare un tocco unico al tuo ambiente.","robots":{"index":"index","follow":"follow","max-snippet":"max-snippet:-1","max-image-preview":"max-image-preview:large","max-video-preview":"max-video-preview:-1"},"canonical":"https:\/\/lapiniarezzo.it\/en\/product\/dessert-plate-voliere\/","og_locale":"en_US","og_type":"article","og_title":"Dessert Plate Voli\u00e8re - LAPINI","og_description":"Acquista Dessert Plate Voli\u00e8re su LAPINI per dare un tocco unico al tuo ambiente.","og_url":"https:\/\/lapiniarezzo.it\/en\/product\/dessert-plate-voliere\/","og_site_name":"LAPINI","article_modified_time":"2025-09-26T21:26:26+00:00","og_image":[{"width":1412,"height":1022,"url":"https:\/\/lapiniarezzo.it\/wp-content\/uploads\/2020\/06\/Piatto-Dessert-2-Voliere-Ginori.jpg","type":"image\/jpeg"}],"twitter_card":"summary_large_image","twitter_misc":{"Est. reading time":"1 minute"},"schema":{"@context":"https:\/\/schema.org","@graph":[{"@type":"WebPage","@id":"https:\/\/lapiniarezzo.it\/en\/product\/dessert-plate-voliere\/","url":"https:\/\/lapiniarezzo.it\/en\/product\/dessert-plate-voliere\/","name":"Dessert Plate Voli\u00e8re - LAPINI","isPartOf":{"@id":"https:\/\/lapiniarezzo.it\/en\/#website"},"datePublished":"2020-06-17T15:16:44+00:00","dateModified":"2025-09-26T21:26:26+00:00","description":"Acquista Dessert Plate Voli\u00e8re su LAPINI per dare un tocco unico al tuo ambiente.","breadcrumb":{"@id":"https:\/\/lapiniarezzo.it\/en\/product\/dessert-plate-voliere\/#breadcrumb"},"inLanguage":"en-US","potentialAction":[{"@type":"ReadAction","target":["https:\/\/lapiniarezzo.it\/en\/product\/dessert-plate-voliere\/"]}]},{"@type":"BreadcrumbList","@id":"https:\/\/lapiniarezzo.it\/en\/product\/dessert-plate-voliere\/#breadcrumb","itemListElement":[{"@type":"ListItem","position":1,"name":"Home","item":"https:\/\/lapiniarezzo.it\/en\/"},{"@type":"ListItem","position":2,"name":"Shop","item":"https:\/\/lapiniarezzo.it\/en\/shop-2\/"},{"@type":"ListItem","position":3,"name":"Dessert Plate Voli\u00e8re"}]},{"@type":"WebSite","@id":"https:\/\/lapiniarezzo.it\/en\/#website","url":"https:\/\/lapiniarezzo.it\/en\/","name":"LAPINI","description":"Oggetti Di Design Per La Casa Ad Arezzo","potentialAction":[{"@type":"SearchAction","target":{"@type":"EntryPoint","urlTemplate":"https:\/\/lapiniarezzo.it\/en\/?s={search_term_string}"},"query-input":"required name=search_term_string"}],"inLanguage":"en-US"}]}},"_links":{"self":[{"href":"https:\/\/lapiniarezzo.it\/en\/wp-json\/wp\/v2\/product\/9826"}],"collection":[{"href":"https:\/\/lapiniarezzo.it\/en\/wp-json\/wp\/v2\/product"}],"about":[{"href":"https:\/\/lapiniarezzo.it\/en\/wp-json\/wp\/v2\/types\/product"}],"wp:featuredmedia":[{"embeddable":true,"href":"https:\/\/lapiniarezzo.it\/en\/wp-json\/wp\/v2\/media\/8842"}],"wp:attachment":[{"href":"https:\/\/lapiniarezzo.it\/en\/wp-json\/wp\/v2\/media?parent=9826"}],"wp:term":[{"taxonomy":"product_cat","embeddable":true,"href":"https:\/\/lapiniarezzo.it\/en\/wp-json\/wp\/v2\/product_cat?post=9826"},{"taxonomy":"product_tag","embeddable":true,"href":"https:\/\/lapiniarezzo.it\/en\/wp-json\/wp\/v2\/product_tag?post=9826"}],"curies":[{"name":"wp","href":"https:\/\/api.w.org\/{rel}","templated":true}]}}