{"id":22377,"date":"2020-09-21T18:09:31","date_gmt":"2020-09-21T16:09:31","guid":{"rendered":"https:\/\/lapiniarezzo.it\/?post_type=product&#038;p=22377"},"modified":"2025-07-25T19:56:24","modified_gmt":"2025-07-25T17:56:24","slug":"folding-cake-stand-fatman","status":"publish","type":"product","link":"https:\/\/lapiniarezzo.it\/en\/product\/folding-cake-stand-fatman\/","title":{"rendered":"Folding Cake Stand Fatman"},"content":{"rendered":"<p>[vc_row][vc_column][vc_column_text text_larger=&#8221;no&#8221;]Fatman \u00e8 disegnato da Marcel Wanders che ha posto l\u2019attenzione sulla decorazione dell\u2019oggetto, realizzando una sorta di coloratissimo abito con cui rivestire l\u2019alzata. Questo aspetto rende l\u2019oggetto versatile: chiuso \u00e8 una scultura da tavolo, aperto diventa una alzata multipla per il servizio in tavola. In questo senso non \u00e8 solo un oggetto pieghevole perch\u00e9, quando si chiude, non cessa semplicemente la sua funzione di contenitore, ma si trasforma in una figura da ammirare. La colorata decorazione disegnata da Wanders, abbinata alla forma tonda, tende infatti a enfatizzare la percezione formale dell\u2019oggetto. Fatman, come dice il nome stesso, presenta le fattezze di un uomo dal corpo robusto, vestito con un abito che ricorda un clown.[\/vc_column_text][\/vc_column][\/vc_row]<\/p>\n","protected":false},"excerpt":{"rendered":"<p>Folding cake stand in 18\/10 stainless steel mirror polished with decoration.<\/p>\n","protected":false},"featured_media":22379,"template":"","meta":[],"product_cat":[2019,2020],"product_tag":[2836],"yoast_head":"<!-- This site is optimized with the Yoast SEO plugin v20.12 - https:\/\/yoast.com\/wordpress\/plugins\/seo\/ -->\n<title>Folding Cake Stand Fatman - LAPINI<\/title>\n<meta name=\"description\" content=\"Acquista Folding Cake Stand Fatman su LAPINI per dare un tocco unico al tuo ambiente.\" \/>\n<meta name=\"robots\" content=\"index, follow, max-snippet:-1, max-image-preview:large, max-video-preview:-1\" \/>\n<link rel=\"canonical\" href=\"https:\/\/lapiniarezzo.it\/en\/product\/folding-cake-stand-fatman\/\" \/>\n<meta property=\"og:locale\" content=\"en_US\" \/>\n<meta property=\"og:type\" content=\"article\" \/>\n<meta property=\"og:title\" content=\"Folding Cake Stand Fatman - LAPINI\" \/>\n<meta property=\"og:description\" content=\"Acquista Folding Cake Stand Fatman su LAPINI per dare un tocco unico al tuo ambiente.\" \/>\n<meta property=\"og:url\" content=\"https:\/\/lapiniarezzo.it\/en\/product\/folding-cake-stand-fatman\/\" \/>\n<meta property=\"og:site_name\" content=\"LAPINI\" \/>\n<meta property=\"article:modified_time\" content=\"2025-07-25T17:56:24+00:00\" \/>\n<meta property=\"og:image\" content=\"https:\/\/lapiniarezzo.it\/wp-content\/uploads\/2020\/09\/Alzata-Pieghevole-Fatman-Alessi-Wanders.png\" \/>\n\t<meta property=\"og:image:width\" content=\"800\" \/>\n\t<meta property=\"og:image:height\" content=\"800\" \/>\n\t<meta property=\"og:image:type\" content=\"image\/png\" \/>\n<meta name=\"twitter:card\" content=\"summary_large_image\" \/>\n<meta name=\"twitter:label1\" content=\"Est. reading time\" \/>\n\t<meta name=\"twitter:data1\" content=\"1 minute\" \/>\n<script type=\"application\/ld+json\" class=\"yoast-schema-graph\">{\"@context\":\"https:\/\/schema.org\",\"@graph\":[{\"@type\":\"WebPage\",\"@id\":\"https:\/\/lapiniarezzo.it\/en\/product\/folding-cake-stand-fatman\/\",\"url\":\"https:\/\/lapiniarezzo.it\/en\/product\/folding-cake-stand-fatman\/\",\"name\":\"Folding Cake Stand Fatman - LAPINI\",\"isPartOf\":{\"@id\":\"https:\/\/lapiniarezzo.it\/en\/#website\"},\"datePublished\":\"2020-09-21T16:09:31+00:00\",\"dateModified\":\"2025-07-25T17:56:24+00:00\",\"description\":\"Acquista Folding Cake Stand Fatman su LAPINI per dare un tocco unico al tuo ambiente.\",\"breadcrumb\":{\"@id\":\"https:\/\/lapiniarezzo.it\/en\/product\/folding-cake-stand-fatman\/#breadcrumb\"},\"inLanguage\":\"en-US\",\"potentialAction\":[{\"@type\":\"ReadAction\",\"target\":[\"https:\/\/lapiniarezzo.it\/en\/product\/folding-cake-stand-fatman\/\"]}]},{\"@type\":\"BreadcrumbList\",\"@id\":\"https:\/\/lapiniarezzo.it\/en\/product\/folding-cake-stand-fatman\/#breadcrumb\",\"itemListElement\":[{\"@type\":\"ListItem\",\"position\":1,\"name\":\"Home\",\"item\":\"https:\/\/lapiniarezzo.it\/en\/\"},{\"@type\":\"ListItem\",\"position\":2,\"name\":\"Shop\",\"item\":\"https:\/\/lapiniarezzo.it\/en\/shop-2\/\"},{\"@type\":\"ListItem\",\"position\":3,\"name\":\"Folding Cake Stand Fatman\"}]},{\"@type\":\"WebSite\",\"@id\":\"https:\/\/lapiniarezzo.it\/en\/#website\",\"url\":\"https:\/\/lapiniarezzo.it\/en\/\",\"name\":\"LAPINI\",\"description\":\"Oggetti Di Design Per La Casa Ad Arezzo\",\"potentialAction\":[{\"@type\":\"SearchAction\",\"target\":{\"@type\":\"EntryPoint\",\"urlTemplate\":\"https:\/\/lapiniarezzo.it\/en\/?s={search_term_string}\"},\"query-input\":\"required name=search_term_string\"}],\"inLanguage\":\"en-US\"}]}<\/script>\n<!-- \/ Yoast SEO plugin. -->","yoast_head_json":{"title":"Folding Cake Stand Fatman - LAPINI","description":"Acquista Folding Cake Stand Fatman su LAPINI per dare un tocco unico al tuo ambiente.","robots":{"index":"index","follow":"follow","max-snippet":"max-snippet:-1","max-image-preview":"max-image-preview:large","max-video-preview":"max-video-preview:-1"},"canonical":"https:\/\/lapiniarezzo.it\/en\/product\/folding-cake-stand-fatman\/","og_locale":"en_US","og_type":"article","og_title":"Folding Cake Stand Fatman - LAPINI","og_description":"Acquista Folding Cake Stand Fatman su LAPINI per dare un tocco unico al tuo ambiente.","og_url":"https:\/\/lapiniarezzo.it\/en\/product\/folding-cake-stand-fatman\/","og_site_name":"LAPINI","article_modified_time":"2025-07-25T17:56:24+00:00","og_image":[{"width":800,"height":800,"url":"https:\/\/lapiniarezzo.it\/wp-content\/uploads\/2020\/09\/Alzata-Pieghevole-Fatman-Alessi-Wanders.png","type":"image\/png"}],"twitter_card":"summary_large_image","twitter_misc":{"Est. reading time":"1 minute"},"schema":{"@context":"https:\/\/schema.org","@graph":[{"@type":"WebPage","@id":"https:\/\/lapiniarezzo.it\/en\/product\/folding-cake-stand-fatman\/","url":"https:\/\/lapiniarezzo.it\/en\/product\/folding-cake-stand-fatman\/","name":"Folding Cake Stand Fatman - LAPINI","isPartOf":{"@id":"https:\/\/lapiniarezzo.it\/en\/#website"},"datePublished":"2020-09-21T16:09:31+00:00","dateModified":"2025-07-25T17:56:24+00:00","description":"Acquista Folding Cake Stand Fatman su LAPINI per dare un tocco unico al tuo ambiente.","breadcrumb":{"@id":"https:\/\/lapiniarezzo.it\/en\/product\/folding-cake-stand-fatman\/#breadcrumb"},"inLanguage":"en-US","potentialAction":[{"@type":"ReadAction","target":["https:\/\/lapiniarezzo.it\/en\/product\/folding-cake-stand-fatman\/"]}]},{"@type":"BreadcrumbList","@id":"https:\/\/lapiniarezzo.it\/en\/product\/folding-cake-stand-fatman\/#breadcrumb","itemListElement":[{"@type":"ListItem","position":1,"name":"Home","item":"https:\/\/lapiniarezzo.it\/en\/"},{"@type":"ListItem","position":2,"name":"Shop","item":"https:\/\/lapiniarezzo.it\/en\/shop-2\/"},{"@type":"ListItem","position":3,"name":"Folding Cake Stand Fatman"}]},{"@type":"WebSite","@id":"https:\/\/lapiniarezzo.it\/en\/#website","url":"https:\/\/lapiniarezzo.it\/en\/","name":"LAPINI","description":"Oggetti Di Design Per La Casa Ad Arezzo","potentialAction":[{"@type":"SearchAction","target":{"@type":"EntryPoint","urlTemplate":"https:\/\/lapiniarezzo.it\/en\/?s={search_term_string}"},"query-input":"required name=search_term_string"}],"inLanguage":"en-US"}]}},"_links":{"self":[{"href":"https:\/\/lapiniarezzo.it\/en\/wp-json\/wp\/v2\/product\/22377"}],"collection":[{"href":"https:\/\/lapiniarezzo.it\/en\/wp-json\/wp\/v2\/product"}],"about":[{"href":"https:\/\/lapiniarezzo.it\/en\/wp-json\/wp\/v2\/types\/product"}],"wp:featuredmedia":[{"embeddable":true,"href":"https:\/\/lapiniarezzo.it\/en\/wp-json\/wp\/v2\/media\/22379"}],"wp:attachment":[{"href":"https:\/\/lapiniarezzo.it\/en\/wp-json\/wp\/v2\/media?parent=22377"}],"wp:term":[{"taxonomy":"product_cat","embeddable":true,"href":"https:\/\/lapiniarezzo.it\/en\/wp-json\/wp\/v2\/product_cat?post=22377"},{"taxonomy":"product_tag","embeddable":true,"href":"https:\/\/lapiniarezzo.it\/en\/wp-json\/wp\/v2\/product_tag?post=22377"}],"curies":[{"name":"wp","href":"https:\/\/api.w.org\/{rel}","templated":true}]}}